{"id":28655,"date":"2025-02-20T16:38:38","date_gmt":"2025-02-20T15:38:38","guid":{"rendered":"https:\/\/www.steffcon.com\/?page_id=28655"},"modified":"2025-11-10T16:33:49","modified_gmt":"2025-11-10T15:33:49","slug":"die-situation","status":"publish","type":"page","link":"https:\/\/www.steffcon.com\/index.php\/die-situation\/","title":{"rendered":"Die Situation"},"content":{"rendered":"<p>[et_pb_section fb_built=&#8220;1&#8243; fullwidth=&#8220;on&#8220; admin_label=&#8220;Hero Section&#8220; _builder_version=&#8220;4.27.4&#8243; background_image=&#8220;https:\/\/www.steffcon.com\/cm\/wp-content\/uploads\/2025\/02\/sc-internet-skyline-start-top-2025-1707&#215;1490-1.jpg&#8220; parallax=&#8220;on&#8220; animation_style=&#8220;fade&#8220; animation_starting_opacity=&#8220;80%&#8220; global_colors_info=&#8220;{}&#8220;][et_pb_fullwidth_header title=&#8220;Die Situation &#8220; subhead=&#8220;Risiko und Chance zugleich&#8220; text_orientation=&#8220;center&#8220; header_fullscreen=&#8220;on&#8220; background_overlay_color=&#8220;rgba(49,62,71,0.89)&#8220; title_font_color=&#8220;#ffffff&#8220; subhead_font_color=&#8220;#ffffff&#8220; admin_label=&#8220;Hero Area&#8220; _builder_version=&#8220;4.27.4&#8243; title_font=&#8220;Prata||||||||&#8220; title_text_color=&#8220;#ffffff&#8220; title_font_size=&#8220;80px&#8220; title_line_height=&#8220;1.6em&#8220; subhead_font=&#8220;|700|||||||&#8220; subhead_text_color=&#8220;#ffffff&#8220; subhead_font_size=&#8220;30px&#8220; subhead_letter_spacing=&#8220;4px&#8220; subhead_line_height=&#8220;1.7em&#8220; background_color=&#8220;rgba(255, 255, 255, 0)&#8220; background_position=&#8220;top_left&#8220; background_repeat=&#8220;repeat&#8220; custom_button_one=&#8220;on&#8220; button_one_text_size=&#8220;13px&#8220; button_one_text_color=&#8220;rgba(0,0,0,0.8)&#8220; button_one_bg_color=&#8220;#ffba60&#8243; button_one_border_width=&#8220;12px&#8220; button_one_border_color=&#8220;#ffba60&#8243; button_one_border_radius=&#8220;0px&#8220; button_one_letter_spacing=&#8220;4px&#8220; button_one_font=&#8220;|700||on|||||&#8220; button_one_icon=&#8220;&#x24;||divi||400&#8243; background_layout=&#8220;light&#8220; title_font_size_tablet=&#8220;40px&#8220; title_font_size_phone=&#8220;&#8220; title_font_size_last_edited=&#8220;on|tablet&#8220; border_color_all=&#8220;rgba(31,40,48,0.94)&#8220; border_width_left=&#8220;10vw&#8220; button_one_border_radius_hover=&#8220;0px&#8220; button_one_letter_spacing_hover=&#8220;4px&#8220; global_colors_info=&#8220;{}&#8220; button_one_text_size__hover_enabled=&#8220;off&#8220; button_two_text_size__hover_enabled=&#8220;off&#8220; button_one_text_color__hover_enabled=&#8220;off&#8220; button_two_text_color__hover_enabled=&#8220;off&#8220; button_one_border_width__hover_enabled=&#8220;off&#8220; button_two_border_width__hover_enabled=&#8220;off&#8220; button_one_border_color__hover_enabled=&#8220;off&#8220; button_two_border_color__hover_enabled=&#8220;off&#8220; button_one_border_radius__hover_enabled=&#8220;on&#8220; button_one_border_radius__hover=&#8220;0px&#8220; button_two_border_radius__hover_enabled=&#8220;off&#8220; button_one_letter_spacing__hover_enabled=&#8220;on&#8220; button_one_letter_spacing__hover=&#8220;4px&#8220; button_two_letter_spacing__hover_enabled=&#8220;off&#8220; button_one_bg_color__hover_enabled=&#8220;off&#8220; button_two_bg_color__hover_enabled=&#8220;off&#8220;][\/et_pb_fullwidth_header][\/et_pb_section][et_pb_section fb_built=&#8220;1&#8243; admin_label=&#8220;CTA Section&#8220; _builder_version=&#8220;4.27.4&#8243; use_background_color_gradient=&#8220;on&#8220; background_color_gradient_stops=&#8220;#313e47 0%|rgba(49,62,71,0.74) 100%&#8220; background_color_gradient_overlays_image=&#8220;on&#8220; background_color_gradient_start=&#8220;#313e47&#8243; background_color_gradient_end=&#8220;rgba(49,62,71,0.74)&#8220; background_image=&#8220;https:\/\/www.steffcon.com\/cm\/wp-content\/uploads\/2023\/06\/law-firm-26.jpg&#8220; custom_padding=&#8220;0px|0px|100px||false|false&#8220; border_color_all=&#8220;#26333a&#8220; border_width_left=&#8220;8vw&#8220; global_colors_info=&#8220;{}&#8220;][et_pb_row use_custom_gutter=&#8220;on&#8220; gutter_width=&#8220;2&#8243; admin_label=&#8220;CTA Area&#8220; _builder_version=&#8220;4.27.4&#8243; width=&#8220;100%&#8220; locked=&#8220;off&#8220; global_colors_info=&#8220;{}&#8220;][et_pb_column type=&#8220;4_4&#8243; _builder_version=&#8220;4.27.4&#8243; custom_padding=&#8220;|||&#8220; global_colors_info=&#8220;{}&#8220; custom_padding__hover=&#8220;|||&#8220;][et_pb_text _builder_version=&#8220;4.27.4&#8243; _module_preset=&#8220;default&#8220; text_text_color=&#8220;#FFFFFF&#8220; text_font_size=&#8220;16px&#8220; global_colors_info=&#8220;{}&#8220;]<\/p>\n<p>In den letzten 5 Jahren gab und gibt es gro\u00dfe und leider nicht unbedingt positive, globale Entwicklungen in Bezug auf die Weltwirtschaft, die die nationalen und regionalen M\u00e4rkte immer st\u00e4rker beeinflussen und ver\u00e4ndern. Letztendlich sind die Verbraucher dadurch stark verunsichert, was sich auf deren Kaufverhalten und die jeweiligen M\u00e4rkte massiv auswirkt.<\/p>\n<p>[\/et_pb_text][\/et_pb_column][\/et_pb_row][et_pb_row column_structure=&#8220;1_2,1_2&#8243; use_custom_gutter=&#8220;on&#8220; gutter_width=&#8220;2&#8243; admin_label=&#8220;CTA Area&#8220; _builder_version=&#8220;4.27.4&#8243; width=&#8220;100%&#8220; custom_padding=&#8220;0px||0px||false|false&#8220; locked=&#8220;off&#8220; global_colors_info=&#8220;{}&#8220;][et_pb_column type=&#8220;1_2&#8243; _builder_version=&#8220;4.27.4&#8243; custom_padding=&#8220;|||&#8220; global_colors_info=&#8220;{}&#8220; custom_padding__hover=&#8220;|||&#8220;][et_pb_text _builder_version=&#8220;4.27.4&#8243; _module_preset=&#8220;default&#8220; text_text_color=&#8220;#FFFFFF&#8220; text_font_size=&#8220;16px&#8220; global_colors_info=&#8220;{}&#8220;]<\/p>\n<p>Nachhaltigen Markterfolg in einer schnelllebigen Zeit zu haben, wird f\u00fcr Unternehmen zu einer echten Herausforderung. Nicht zuletzt durch die immer st\u00e4rkere Bedeutung von \u201eSocial Media\u201c als Informationsquelle und das sich, auch durch die Pandemie, ver\u00e4nderte Kaufverhalten der Konsumenten und die Verunsicherung bez\u00fcglich der Zukunftsperspektiven, gerade bei den j\u00fcngeren Zielgruppen, muss bei zuk\u00fcnftigen Vertriebs- und Marketingstrategien verst\u00e4rkt Ber\u00fccksichtigung finden.<\/p>\n<p>[\/et_pb_text][\/et_pb_column][et_pb_column type=&#8220;1_2&#8243; _builder_version=&#8220;4.27.4&#8243; custom_padding=&#8220;|||&#8220; global_colors_info=&#8220;{}&#8220; custom_padding__hover=&#8220;|||&#8220;][et_pb_image src=&#8220;https:\/\/www.steffcon.com\/cm\/wp-content\/uploads\/social-media-icons-3d.png&#8220; alt=&#8220;verschiedene Social Media Icons in 3D&#8220; title_text=&#8220;social-media-icons-3d&#8220; show_bottom_space=&#8220;off&#8220; force_fullwidth=&#8220;on&#8220; _builder_version=&#8220;4.27.4&#8243; _module_preset=&#8220;default&#8220; custom_margin=&#8220;-45px||||false|false&#8220; custom_padding=&#8220;||||false|false&#8220; global_colors_info=&#8220;{}&#8220;][\/et_pb_image][\/et_pb_column][\/et_pb_row][et_pb_row column_structure=&#8220;1_2,1_2&#8243; use_custom_gutter=&#8220;on&#8220; gutter_width=&#8220;2&#8243; admin_label=&#8220;CTA Area&#8220; _builder_version=&#8220;4.27.4&#8243; width=&#8220;100%&#8220; custom_padding=&#8220;0px||17px||false|false&#8220; locked=&#8220;off&#8220; global_colors_info=&#8220;{}&#8220;][et_pb_column type=&#8220;1_2&#8243; _builder_version=&#8220;4.27.4&#8243; custom_padding=&#8220;|||&#8220; global_colors_info=&#8220;{}&#8220; custom_padding__hover=&#8220;|||&#8220;][et_pb_text _builder_version=&#8220;4.27.4&#8243; _module_preset=&#8220;default&#8220; text_text_color=&#8220;#FFFFFF&#8220; text_font_size=&#8220;16px&#8220; global_colors_info=&#8220;{}&#8220;]<\/p>\n<p>Kontinuierliche Flexibilit\u00e4t und Kreativit\u00e4t f\u00fcr eine individuell angepasste und zielgerichtete Kommunikation wird deshalb immer wichtiger. Und Zeiten des \u201egepflegten Understatements\u201c sind l\u00e4ngst vorbei &#8211; und nur wer aggressives Marketing betreibt und sich mehr als deutlich von seinen Mitbewerbern abhebt, wird auf Dauer erfolgreich sein. Letztendlich entscheiden das Image und das positive Wahrnehmen von Unternehmen und deren Produkt bei der Zielgruppe \u00fcber \u201eSieg oder Niederlage\u201c.<\/p>\n<p>[\/et_pb_text][et_pb_text _builder_version=&#8220;4.27.4&#8243; _module_preset=&#8220;default&#8220; text_text_color=&#8220;#FFFFFF&#8220; text_font_size=&#8220;16px&#8220; global_colors_info=&#8220;{}&#8220;]<\/p>\n<p>Oftmals sind es \u201enur\u201c Kleinigkeiten, denen man, sei es z. B. der sogenannten \u201eBetriebsblindheit\u201c oder fehlender, aktueller Analysen\/Einsch\u00e4tzungen geschuldet, keine ausreichende Beachtung schenkt und nicht rechtzeitig hierauf reagiert.<\/p>\n<p>[\/et_pb_text][\/et_pb_column][et_pb_column type=&#8220;1_2&#8243; _builder_version=&#8220;4.27.4&#8243; custom_padding=&#8220;|||&#8220; global_colors_info=&#8220;{}&#8220; custom_padding__hover=&#8220;|||&#8220;][et_pb_image src=&#8220;https:\/\/www.steffcon.com\/cm\/wp-content\/uploads\/Armbinde-fuer-Blinde-und-Sehbehinderte-.jpg&#8220; alt=&#8220;Armbinde f\u00fcr Blinde und Sehbehinderte&#8220; title_text=&#8220;Armbinde f\u00fcr Blinde und Sehbehinderte&#8220; show_bottom_space=&#8220;off&#8220; align=&#8220;center&#8220; _builder_version=&#8220;4.27.4&#8243; _module_preset=&#8220;default&#8220; module_alignment=&#8220;center&#8220; global_colors_info=&#8220;{}&#8220;][\/et_pb_image][\/et_pb_column][\/et_pb_row][et_pb_row use_custom_gutter=&#8220;on&#8220; gutter_width=&#8220;2&#8243; admin_label=&#8220;CTA Area&#8220; _builder_version=&#8220;4.27.4&#8243; width=&#8220;100%&#8220; custom_padding=&#8220;0px||||false|false&#8220; locked=&#8220;off&#8220; global_colors_info=&#8220;{}&#8220;][et_pb_column type=&#8220;4_4&#8243; _builder_version=&#8220;4.27.4&#8243; custom_padding=&#8220;|||&#8220; global_colors_info=&#8220;{}&#8220; custom_padding__hover=&#8220;|||&#8220;][et_pb_text _builder_version=&#8220;4.27.4&#8243; _module_preset=&#8220;default&#8220; text_text_color=&#8220;#FFFFFF&#8220; text_font_size=&#8220;16px&#8220; global_colors_info=&#8220;{}&#8220;]<\/p>\n<p>Wichtige Marktanteile zu erschlie\u00dfen, dauerhaft zu sichern und gleichzeitig auszubauen und Mitbewerbern immer einen Schritt voraus zu sein, ist der Schl\u00fcssel zum Erfolg. Hierzu muss man seine Strategien nicht nur an die sich immer schneller ver\u00e4nderten, wirtschaftspolitischen Gegebenheiten und an neues Konsumentenverhalten und allgemeine Trends anpassen, sondern konsequent auch alle M\u00f6glichkeiten nutzen, die die heutige stark gewachsene Medienlandschaft mit ihren Kommunikationswegen, wie z. B. geeignete Social Media Plattformen, bietet.<\/p>\n<p>[\/et_pb_text][\/et_pb_column][\/et_pb_row][\/et_pb_section]<\/p>\n","protected":false},"excerpt":{"rendered":"<p>In den letzten 5 Jahren gab und gibt es gro\u00dfe und leider nicht unbedingt positive, globale Entwicklungen in Bezug auf die Weltwirtschaft, die die nationalen und regionalen M\u00e4rkte immer st\u00e4rker beeinflussen und ver\u00e4ndern. Letztendlich sind die Verbraucher dadurch stark verunsichert, was sich auf deren Kaufverhalten und die jeweiligen M\u00e4rkte massiv auswirkt.Nachhaltigen Markterfolg in einer schnelllebigen [&hellip;]<\/p>\n","protected":false},"author":2,"featured_media":0,"parent":0,"menu_order":0,"comment_status":"closed","ping_status":"closed","template":"","meta":{"_et_pb_use_builder":"on","_et_pb_old_content":"","_et_gb_content_width":"","footnotes":""},"class_list":["post-28655","page","type-page","status-publish","hentry"],"_links":{"self":[{"href":"https:\/\/www.steffcon.com\/index.php\/wp-json\/wp\/v2\/pages\/28655","targetHints":{"allow":["GET"]}}],"collection":[{"href":"https:\/\/www.steffcon.com\/index.php\/wp-json\/wp\/v2\/pages"}],"about":[{"href":"https:\/\/www.steffcon.com\/index.php\/wp-json\/wp\/v2\/types\/page"}],"author":[{"embeddable":true,"href":"https:\/\/www.steffcon.com\/index.php\/wp-json\/wp\/v2\/users\/2"}],"replies":[{"embeddable":true,"href":"https:\/\/www.steffcon.com\/index.php\/wp-json\/wp\/v2\/comments?post=28655"}],"version-history":[{"count":10,"href":"https:\/\/www.steffcon.com\/index.php\/wp-json\/wp\/v2\/pages\/28655\/revisions"}],"predecessor-version":[{"id":230837,"href":"https:\/\/www.steffcon.com\/index.php\/wp-json\/wp\/v2\/pages\/28655\/revisions\/230837"}],"wp:attachment":[{"href":"https:\/\/www.steffcon.com\/index.php\/wp-json\/wp\/v2\/media?parent=28655"}],"curies":[{"name":"wp","href":"https:\/\/api.w.org\/{rel}","templated":true}]}}