{"id":28663,"date":"2025-02-20T16:56:45","date_gmt":"2025-02-20T15:56:45","guid":{"rendered":"https:\/\/www.steffcon.com\/?page_id=28663"},"modified":"2025-10-23T14:39:43","modified_gmt":"2025-10-23T12:39:43","slug":"das-profil","status":"publish","type":"page","link":"https:\/\/www.steffcon.com\/index.php\/das-profil\/","title":{"rendered":"Das Profil"},"content":{"rendered":"<p>[et_pb_section fb_built=&#8220;1&#8243; fullwidth=&#8220;on&#8220; admin_label=&#8220;Hero Section&#8220; _builder_version=&#8220;4.27.4&#8243; background_image=&#8220;https:\/\/www.steffcon.com\/cm\/wp-content\/uploads\/2019\/03\/sc-logo-rgb.png&#8220; background_size=&#8220;custom&#8220; background_image_width=&#8220;65%&#8220; custom_padding=&#8220;0px||||false|false&#8220; animation_style=&#8220;fade&#8220; animation_starting_opacity=&#8220;80%&#8220; hover_enabled=&#8220;0&#8243; global_colors_info=&#8220;{}&#8220; background_last_edited=&#8220;on|phone&#8220; sticky_enabled=&#8220;0&#8243; title_text=&#8220;steffan-consulting-profil-helmut-portrait-2025-denker-mobil&#8220; background_image_phone=&#8220;https:\/\/www.steffcon.com\/cm\/wp-content\/uploads\/steffan-consulting-profil-helmut-portrait-2025-denker-mobil.jpg&#8220; background_enable_image_phone=&#8220;on&#8220; background_image_width_phone=&#8220;100%&#8220; parallax_phone=&#8220;off&#8220; background_repeat_phone=&#8220;no-repeat&#8220; background_size_phone=&#8220;cover&#8220;][et_pb_fullwidth_header title=&#8220;Das Profil&#8220; subhead=&#8220;\u00dcber 35 Jahre Kompetenz und Erfahrung&#8220; text_orientation=&#8220;center&#8220; header_fullscreen=&#8220;on&#8220; background_overlay_color=&#8220;rgba(49,62,71,0.89)&#8220; title_font_color=&#8220;#ffffff&#8220; subhead_font_color=&#8220;#ffffff&#8220; admin_label=&#8220;Hero Area&#8220; _builder_version=&#8220;4.27.4&#8243; title_font=&#8220;Arial||||||||&#8220; title_text_color=&#8220;#ffffff&#8220; title_font_size=&#8220;80px&#8220; title_line_height=&#8220;1.6em&#8220; subhead_font=&#8220;|700|||||||&#8220; subhead_text_color=&#8220;#ffffff&#8220; subhead_font_size=&#8220;31px&#8220; subhead_line_height=&#8220;1.4em&#8220; background_color=&#8220;rgba(255, 255, 255, 0)&#8220; background_position=&#8220;top_left&#8220; background_repeat=&#8220;repeat&#8220; custom_button_one=&#8220;on&#8220; button_one_text_size=&#8220;13px&#8220; button_one_text_color=&#8220;rgba(0,0,0,0.8)&#8220; button_one_bg_color=&#8220;#ffba60&#8243; button_one_border_width=&#8220;12px&#8220; button_one_border_color=&#8220;#ffba60&#8243; button_one_border_radius=&#8220;0px&#8220; button_one_letter_spacing=&#8220;4px&#8220; button_one_font=&#8220;|700||on|||||&#8220; button_one_icon=&#8220;&#x24;||divi||400&#8243; background_layout=&#8220;light&#8220; hover_enabled=&#8220;0&#8243; title_font_size_tablet=&#8220;40px&#8220; title_font_size_phone=&#8220;&#8220; title_font_size_last_edited=&#8220;on|tablet&#8220; border_color_all=&#8220;rgba(31,40,48,0.94)&#8220; border_width_left=&#8220;10vw&#8220; button_one_border_radius_hover=&#8220;0px&#8220; button_one_letter_spacing_hover=&#8220;4px&#8220; global_colors_info=&#8220;{}&#8220; button_one_text_size__hover_enabled=&#8220;off&#8220; button_two_text_size__hover_enabled=&#8220;off&#8220; button_one_text_color__hover_enabled=&#8220;off&#8220; button_two_text_color__hover_enabled=&#8220;off&#8220; button_one_border_width__hover_enabled=&#8220;off&#8220; button_two_border_width__hover_enabled=&#8220;off&#8220; button_one_border_color__hover_enabled=&#8220;off&#8220; button_two_border_color__hover_enabled=&#8220;off&#8220; button_one_border_radius__hover_enabled=&#8220;on&#8220; button_one_border_radius__hover=&#8220;0px&#8220; button_two_border_radius__hover_enabled=&#8220;off&#8220; button_one_letter_spacing__hover_enabled=&#8220;on&#8220; button_one_letter_spacing__hover=&#8220;4px&#8220; button_two_letter_spacing__hover_enabled=&#8220;off&#8220; button_one_bg_color__hover_enabled=&#8220;off&#8220; button_two_bg_color__hover_enabled=&#8220;off&#8220; subhead_letter_spacing_last_edited=&#8220;on|phone&#8220; sticky_enabled=&#8220;0&#8243;][\/et_pb_fullwidth_header][\/et_pb_section][et_pb_section fb_built=&#8220;1&#8243; custom_padding_last_edited=&#8220;on|phone&#8220; admin_label=&#8220;CTA Section&#8220; _builder_version=&#8220;4.27.4&#8243; use_background_color_gradient=&#8220;on&#8220; background_color_gradient_stops=&#8220;#313e47 0%|rgba(49,62,71,0.74) 100%&#8220; background_color_gradient_overlays_image=&#8220;on&#8220; background_color_gradient_start=&#8220;#313e47&#8243; background_color_gradient_end=&#8220;rgba(49,62,71,0.74)&#8220; background_image=&#8220;https:\/\/www.steffcon.com\/cm\/wp-content\/uploads\/steffan-consulting-profil-helmut-portrait-2025-denker-neu.jpg&#8220; custom_margin_tablet=&#8220;&#8220; custom_margin_phone=&#8220;|||-20px|false|false&#8220; custom_margin_last_edited=&#8220;on|phone&#8220; custom_padding=&#8220;0px|0px|100px||false|false&#8220; custom_padding_tablet=&#8220;0px|0px|100px||false|false&#8220; custom_padding_phone=&#8220;|||8px|false|false&#8220; hover_enabled=&#8220;0&#8243; background_last_edited=&#8220;on|phone&#8220; parallax_phone=&#8220;off&#8220; background_size_phone=&#8220;cover&#8220; background_position_phone=&#8220;center_right&#8220; background_horizontal_offset_phone=&#8220;76%&#8220; background_vertical_offset_phone=&#8220;100%&#8220; border_color_all=&#8220;#26333a&#8220; border_width_left=&#8220;8vw&#8220; global_colors_info=&#8220;{}&#8220; disabled_on=&#8220;on|on|on&#8220; disabled=&#8220;on&#8220; sticky_enabled=&#8220;0&#8243;][et_pb_row column_structure=&#8220;2_5,3_5&#8243; use_custom_gutter=&#8220;on&#8220; gutter_width=&#8220;2&#8243; admin_label=&#8220;CTA Area&#8220; _builder_version=&#8220;4.27.4&#8243; width=&#8220;100%&#8220; locked=&#8220;off&#8220; global_colors_info=&#8220;{}&#8220;][et_pb_column type=&#8220;2_5&#8243; _builder_version=&#8220;4.27.4&#8243; custom_padding=&#8220;|||&#8220; global_colors_info=&#8220;{}&#8220; custom_padding__hover=&#8220;|||&#8220;][\/et_pb_column][et_pb_column type=&#8220;3_5&#8243; _builder_version=&#8220;4.27.4&#8243; custom_padding=&#8220;|||&#8220; global_colors_info=&#8220;{}&#8220; custom_padding__hover=&#8220;|||&#8220;][et_pb_text _builder_version=&#8220;4.27.4&#8243; _module_preset=&#8220;default&#8220; text_text_color=&#8220;#FFFFFF&#8220; text_font_size=&#8220;16px&#8220; global_colors_info=&#8220;{}&#8220;]<\/p>\n<p>Der Inhaber, Helmut Steffan, ist seit \u00fcber 35 Jahren f\u00fcr national und international agierende Unternehmen als marketing- und vertriebsstrategischer Berater t\u00e4tig. Zusammen mit einem Kompetenz-Netzwerk aus hochqualifizierten Spezialisten auf dem Gebiet Marketing, Promotion, Werbung und Design, ist STEFFAN Consulting weder eine typische Unternehmensberatung f\u00fcr Marketing- und Vertriebsstrategien noch eine der \u00fcblichen Full-Service Werbeagenturen, und das beweisen wir Ihnen gerne.<\/p>\n<p>\u00dcberzeugen Sie sich von der innovativen Methodik, der erfolgsorientierten Arbeitsweise und den umfangreichen Leistungen eines wirklich au\u00dfergew\u00f6hnlichen Unternehmens mit seinen Speziell auf kleine und mittelst\u00e4ndische Unternehmen sowie auf Startups ausgerichteten Kompetenzbereichen:<\/p>\n<ul>\n<li>Entwicklung innovativer und unkonventioneller Marketingkonzepte und Strategien nach Ma\u00df mit weit \u00fcberdurchschnittlichen Erfolgschancen<\/li>\n<li>Markenbildung (Branding)<\/li>\n<li>Imagef\u00f6rderung, Kundengewinnung und Markterschlie\u00dfung<\/li>\n<li>Kreative Werbung und innovative Promotion<\/li>\n<li>Individuelle Beratung in den Bereichen Marketing, Absatzf\u00f6rderung und Vertrieb<\/li>\n<\/ul>\n<p>Lernen Sie uns in einem unverbindlichen Gespr\u00e4ch, gerne auf Wunsch auch online, etwas n\u00e4her kennen und \u00fcberzeugen Sie sich von unseren vielseitigen M\u00f6glichkeiten und besonderen F\u00e4higkeiten f\u00fcr messbare Erfolge.<\/p>\n<p>[\/et_pb_text][\/et_pb_column][\/et_pb_row][\/et_pb_section][et_pb_section fb_built=&#8220;1&#8243; custom_padding_last_edited=&#8220;on|phone&#8220; admin_label=&#8220;CTA Section&#8220; _builder_version=&#8220;4.27.4&#8243; use_background_color_gradient=&#8220;on&#8220; background_color_gradient_stops=&#8220;#313e47 0%|rgba(49,62,71,0.74) 100%&#8220; background_color_gradient_overlays_image=&#8220;on&#8220; background_color_gradient_start=&#8220;#313e47&#8243; background_color_gradient_end=&#8220;rgba(49,62,71,0.74)&#8220; background_image=&#8220;https:\/\/www.steffcon.com\/cm\/wp-content\/uploads\/steffan-consulting-profil-helmut-portrait-2025-denker-neu.jpg&#8220; custom_margin_tablet=&#8220;&#8220; custom_margin_phone=&#8220;|||-20px|false|false&#8220; custom_margin_last_edited=&#8220;on|phone&#8220; custom_padding=&#8220;0px|0px|100px||false|false&#8220; custom_padding_tablet=&#8220;0px|0px|100px||false|false&#8220; custom_padding_phone=&#8220;|||8px|false|false&#8220; hover_enabled=&#8220;0&#8243; background_last_edited=&#8220;on|phone&#8220; parallax_phone=&#8220;off&#8220; background_size_phone=&#8220;cover&#8220; background_position_phone=&#8220;center_right&#8220; background_horizontal_offset_phone=&#8220;76%&#8220; background_vertical_offset_phone=&#8220;100%&#8220; border_color_all=&#8220;#26333a&#8220; border_width_left=&#8220;8vw&#8220; global_colors_info=&#8220;{}&#8220; background_enable_image_phone=&#8220;off&#8220; sticky_enabled=&#8220;0&#8243;][et_pb_row column_structure=&#8220;2_5,3_5&#8243; use_custom_gutter=&#8220;on&#8220; gutter_width=&#8220;2&#8243; admin_label=&#8220;CTA Area&#8220; _builder_version=&#8220;4.27.4&#8243; width=&#8220;100%&#8220; locked=&#8220;off&#8220; global_colors_info=&#8220;{}&#8220;][et_pb_column type=&#8220;2_5&#8243; _builder_version=&#8220;4.27.4&#8243; custom_padding=&#8220;|||&#8220; global_colors_info=&#8220;{}&#8220; custom_padding__hover=&#8220;|||&#8220;][\/et_pb_column][et_pb_column type=&#8220;3_5&#8243; _builder_version=&#8220;4.27.4&#8243; custom_padding=&#8220;|||&#8220; global_colors_info=&#8220;{}&#8220; custom_padding__hover=&#8220;|||&#8220;][et_pb_text _builder_version=&#8220;4.27.4&#8243; _module_preset=&#8220;default&#8220; text_text_color=&#8220;#FFFFFF&#8220; text_font_size=&#8220;16px&#8220; global_colors_info=&#8220;{}&#8220;]<\/p>\n<p>Der Inhaber, Helmut Steffan, ist seit \u00fcber 35 Jahren f\u00fcr national und international agierende Unternehmen als marketing- und vertriebsstrategischer Berater t\u00e4tig. Zusammen mit einem Kompetenz-Netzwerk aus hochqualifizierten Spezialisten auf dem Gebiet Marketing, Promotion, Werbung und Design, ist STEFFAN Consulting weder eine typische Unternehmensberatung f\u00fcr Marketing- und Vertriebsstrategien noch eine der \u00fcblichen Full-Service Werbeagenturen, und das beweisen wir Ihnen gerne.<\/p>\n<p>\u00dcberzeugen Sie sich von der innovativen Methodik, der erfolgsorientierten Arbeitsweise und den umfangreichen Leistungen eines wirklich au\u00dfergew\u00f6hnlichen Unternehmens mit seinen Speziell auf kleine und mittelst\u00e4ndische Unternehmen sowie auf Startups ausgerichteten Kompetenzbereichen:<\/p>\n<ul>\n<li>Entwicklung innovativer und unkonventioneller Marketingkonzepte und Strategien nach Ma\u00df mit weit \u00fcberdurchschnittlichen Erfolgschancen<\/li>\n<li>Markenbildung (Branding)<\/li>\n<li>Imagef\u00f6rderung, Kundengewinnung und Markterschlie\u00dfung<\/li>\n<li>Kreative Werbung und innovative Promotion<\/li>\n<li>Individuelle Beratung in den Bereichen Marketing, Absatzf\u00f6rderung und Vertrieb<\/li>\n<\/ul>\n<p>Lernen Sie uns in einem unverbindlichen Gespr\u00e4ch, gerne auf Wunsch auch online, etwas n\u00e4her kennen und \u00fcberzeugen Sie sich von unseren vielseitigen M\u00f6glichkeiten und besonderen F\u00e4higkeiten f\u00fcr messbare Erfolge.<\/p>\n<p>[\/et_pb_text][\/et_pb_column][\/et_pb_row][\/et_pb_section]<\/p>\n","protected":false},"excerpt":{"rendered":"<p>Der Inhaber, Helmut Steffan, ist seit \u00fcber 35 Jahren f\u00fcr national und international agierende Unternehmen als marketing- und vertriebsstrategischer Berater t\u00e4tig. Zusammen mit einem Kompetenz-Netzwerk aus hochqualifizierten Spezialisten auf dem Gebiet Marketing, Promotion, Werbung und Design, ist STEFFAN Consulting weder eine typische Unternehmensberatung f\u00fcr Marketing- und Vertriebsstrategien noch eine der \u00fcblichen Full-Service Werbeagenturen, und das [&hellip;]<\/p>\n","protected":false},"author":2,"featured_media":0,"parent":0,"menu_order":0,"comment_status":"closed","ping_status":"closed","template":"","meta":{"_et_pb_use_builder":"on","_et_pb_old_content":"","_et_gb_content_width":"","footnotes":""},"class_list":["post-28663","page","type-page","status-publish","hentry"],"_links":{"self":[{"href":"https:\/\/www.steffcon.com\/index.php\/wp-json\/wp\/v2\/pages\/28663","targetHints":{"allow":["GET"]}}],"collection":[{"href":"https:\/\/www.steffcon.com\/index.php\/wp-json\/wp\/v2\/pages"}],"about":[{"href":"https:\/\/www.steffcon.com\/index.php\/wp-json\/wp\/v2\/types\/page"}],"author":[{"embeddable":true,"href":"https:\/\/www.steffcon.com\/index.php\/wp-json\/wp\/v2\/users\/2"}],"replies":[{"embeddable":true,"href":"https:\/\/www.steffcon.com\/index.php\/wp-json\/wp\/v2\/comments?post=28663"}],"version-history":[{"count":21,"href":"https:\/\/www.steffcon.com\/index.php\/wp-json\/wp\/v2\/pages\/28663\/revisions"}],"predecessor-version":[{"id":230829,"href":"https:\/\/www.steffcon.com\/index.php\/wp-json\/wp\/v2\/pages\/28663\/revisions\/230829"}],"wp:attachment":[{"href":"https:\/\/www.steffcon.com\/index.php\/wp-json\/wp\/v2\/media?parent=28663"}],"curies":[{"name":"wp","href":"https:\/\/api.w.org\/{rel}","templated":true}]}}