{"id":28674,"date":"2025-02-20T17:07:39","date_gmt":"2025-02-20T16:07:39","guid":{"rendered":"https:\/\/www.steffcon.com\/?page_id=28674"},"modified":"2025-06-30T16:36:03","modified_gmt":"2025-06-30T14:36:03","slug":"corporate-identity","status":"publish","type":"page","link":"https:\/\/www.steffcon.com\/index.php\/corporate-identity\/","title":{"rendered":"Corporate Identity"},"content":{"rendered":"<p>[et_pb_section fb_built=&#8220;1&#8243; fullwidth=&#8220;on&#8220; admin_label=&#8220;Hero Section&#8220; _builder_version=&#8220;4.27.4&#8243; background_image=&#8220;https:\/\/www.steffcon.com\/cm\/wp-content\/uploads\/2025\/02\/sc-internet-skyline-start-top-2025-1707&#215;1490-1.jpg&#8220; parallax=&#8220;on&#8220; animation_style=&#8220;fade&#8220; animation_starting_opacity=&#8220;80%&#8220; global_colors_info=&#8220;{}&#8220;][et_pb_fullwidth_header title=&#8220;Corporate Identity &#8220; subhead=&#8220;Von der Vision zur Realisierung&#8220; text_orientation=&#8220;right&#8220; header_fullscreen=&#8220;on&#8220; background_overlay_color=&#8220;rgba(49,62,71,0.89)&#8220; title_font_color=&#8220;#ffffff&#8220; subhead_font_color=&#8220;#ffffff&#8220; admin_label=&#8220;Hero Area&#8220; _builder_version=&#8220;4.27.4&#8243; title_font=&#8220;Prata||||||||&#8220; title_text_color=&#8220;#ffffff&#8220; title_font_size=&#8220;80px&#8220; title_line_height=&#8220;1.6em&#8220; subhead_font=&#8220;|700|||||||&#8220; subhead_text_color=&#8220;#ffffff&#8220; subhead_font_size=&#8220;30px&#8220; subhead_letter_spacing=&#8220;4px&#8220; subhead_line_height=&#8220;1.7em&#8220; background_color=&#8220;rgba(255, 255, 255, 0)&#8220; background_position=&#8220;top_left&#8220; background_repeat=&#8220;repeat&#8220; custom_button_one=&#8220;on&#8220; button_one_text_size=&#8220;13px&#8220; button_one_text_color=&#8220;rgba(0,0,0,0.8)&#8220; button_one_bg_color=&#8220;#ffba60&#8243; button_one_border_width=&#8220;12px&#8220; button_one_border_color=&#8220;#ffba60&#8243; button_one_border_radius=&#8220;0px&#8220; button_one_letter_spacing=&#8220;4px&#8220; button_one_font=&#8220;|700||on|||||&#8220; button_one_icon=&#8220;&#x24;||divi||400&#8243; background_layout=&#8220;light&#8220; hover_enabled=&#8220;0&#8243; title_font_size_tablet=&#8220;40px&#8220; title_font_size_phone=&#8220;&#8220; title_font_size_last_edited=&#8220;on|tablet&#8220; border_color_all=&#8220;rgba(31,40,48,0.94)&#8220; border_width_left=&#8220;10vw&#8220; button_one_border_radius_hover=&#8220;0px&#8220; button_one_letter_spacing_hover=&#8220;4px&#8220; global_colors_info=&#8220;{}&#8220; button_one_text_size__hover_enabled=&#8220;off&#8220; button_two_text_size__hover_enabled=&#8220;off&#8220; button_one_text_color__hover_enabled=&#8220;off&#8220; button_two_text_color__hover_enabled=&#8220;off&#8220; button_one_border_width__hover_enabled=&#8220;off&#8220; button_two_border_width__hover_enabled=&#8220;off&#8220; button_one_border_color__hover_enabled=&#8220;off&#8220; button_two_border_color__hover_enabled=&#8220;off&#8220; button_one_border_radius__hover_enabled=&#8220;on&#8220; button_one_border_radius__hover=&#8220;0px&#8220; button_two_border_radius__hover_enabled=&#8220;off&#8220; button_one_letter_spacing__hover_enabled=&#8220;on&#8220; button_one_letter_spacing__hover=&#8220;4px&#8220; button_two_letter_spacing__hover_enabled=&#8220;off&#8220; button_one_bg_color__hover_enabled=&#8220;off&#8220; button_two_bg_color__hover_enabled=&#8220;off&#8220; sticky_enabled=&#8220;0&#8243;][\/et_pb_fullwidth_header][\/et_pb_section][et_pb_section fb_built=&#8220;1&#8243; admin_label=&#8220;CTA Section&#8220; _builder_version=&#8220;4.27.4&#8243; use_background_color_gradient=&#8220;on&#8220; background_color_gradient_stops=&#8220;#313e47 0%|rgba(49,62,71,0.74) 100%&#8220; background_color_gradient_overlays_image=&#8220;on&#8220; background_color_gradient_start=&#8220;#313e47&#8243; background_color_gradient_end=&#8220;rgba(49,62,71,0.74)&#8220; background_image=&#8220;https:\/\/www.steffcon.com\/cm\/wp-content\/uploads\/2023\/06\/law-firm-24.jpg&#8220; custom_padding=&#8220;0px|0px|100px||false|false&#8220; border_color_all=&#8220;#26333a&#8220; border_width_left=&#8220;8vw&#8220; global_colors_info=&#8220;{}&#8220;][et_pb_row column_structure=&#8220;1_2,1_2&#8243; use_custom_gutter=&#8220;on&#8220; gutter_width=&#8220;2&#8243; admin_label=&#8220;CTA Area&#8220; _builder_version=&#8220;4.27.4&#8243; width=&#8220;100%&#8220; locked=&#8220;off&#8220; global_colors_info=&#8220;{}&#8220;][et_pb_column type=&#8220;1_2&#8243; _builder_version=&#8220;4.27.4&#8243; custom_padding=&#8220;|||&#8220; global_colors_info=&#8220;{}&#8220; custom_padding__hover=&#8220;|||&#8220;][et_pb_image src=&#8220;https:\/\/www.steffcon.com\/cm\/wp-content\/uploads\/Corporate-Identity-hand-sortiert-icons.jpg&#8220; title_text=&#8220;Vision concept. Business concept. 3d illustration&#8220; show_in_lightbox=&#8220;on&#8220; force_fullwidth=&#8220;on&#8220; _builder_version=&#8220;4.27.4&#8243; _module_preset=&#8220;default&#8220; global_colors_info=&#8220;{}&#8220;][\/et_pb_image][\/et_pb_column][et_pb_column type=&#8220;1_2&#8243; _builder_version=&#8220;4.16&#8243; custom_padding=&#8220;|||&#8220; global_colors_info=&#8220;{}&#8220; custom_padding__hover=&#8220;|||&#8220;][et_pb_text _builder_version=&#8220;4.27.4&#8243; _module_preset=&#8220;default&#8220; text_text_color=&#8220;#FFFFFF&#8220; text_font_size=&#8220;16px&#8220; global_colors_info=&#8220;{}&#8220;]<\/p>\n<p>Die \u201eSeele\u201c und somit wichtigstes Fundament eines jeden Unternehmens ist die Firmenphilosophie (das Leitbild), dessen Grunds\u00e4tze das Handeln eines Unternehmens im Innen- und im Au\u00dfenverh\u00e4ltnis bestimmen. Hierzu muss jeder Einzelne in einem Unternehmen durch sein Handeln verantwortlich beitragen, damit diese Philosophie auch erkennbar gelebt wird. Denn das ist die Basis f\u00fcr Unternehmensindividualit\u00e4t und Markterfolg.<\/p>\n<p>[\/et_pb_text][\/et_pb_column][\/et_pb_row][et_pb_row use_custom_gutter=&#8220;on&#8220; gutter_width=&#8220;2&#8243; admin_label=&#8220;CTA Area&#8220; _builder_version=&#8220;4.27.4&#8243; width=&#8220;100%&#8220; custom_padding=&#8220;0px||||false|false&#8220; locked=&#8220;off&#8220; global_colors_info=&#8220;{}&#8220;][et_pb_column type=&#8220;4_4&#8243; _builder_version=&#8220;4.27.4&#8243; custom_padding=&#8220;|||&#8220; global_colors_info=&#8220;{}&#8220; custom_padding__hover=&#8220;|||&#8220;][et_pb_text _builder_version=&#8220;4.27.4&#8243; _module_preset=&#8220;default&#8220; text_text_color=&#8220;#FFFFFF&#8220; text_font_size=&#8220;16px&#8220; global_colors_info=&#8220;{}&#8220;]<\/p>\n<p>Auf einem guten Fundament l\u00e4sst sich gut bauen. Eine Philosophie, nach der gehandelt wird, wird auch wahrgenommen und weitertransportiert. Damit Ihre Unternehmung von Grund auf am Markt erfolgreich agiert, unterst\u00fctzen wir Sie bei der Ausarbeitung dieser elementaren Entscheidungen und bei der anschlie\u00dfenden Umsetzung in eine aussagekr\u00e4ftige Corporate Identity (CI).<\/p>\n<p>Wir helfen Ihnen beim Aufbau und Effizienzsteigerung Ihrer Unternehmensphilosophie im Rahmen Ihrer Vorstellungen und bei allen anderen grundlegenden Entscheidungen des Basic Marketings, wie z.B. der klaren Definition der Unternehmensziele, der Festlegung der Marktausrichtung und der Bestimmung der Zielgruppen in Verbindung mit dem Gesch\u00e4ftsgegenstand und dem Leistungsangebot.<\/p>\n<p>[\/et_pb_text][\/et_pb_column][\/et_pb_row][\/et_pb_section]<\/p>\n","protected":false},"excerpt":{"rendered":"<p>Die \u201eSeele\u201c und somit wichtigstes Fundament eines jeden Unternehmens ist die Firmenphilosophie (das Leitbild), dessen Grunds\u00e4tze das Handeln eines Unternehmens im Innen- und im Au\u00dfenverh\u00e4ltnis bestimmen. Hierzu muss jeder Einzelne in einem Unternehmen durch sein Handeln verantwortlich beitragen, damit diese Philosophie auch erkennbar gelebt wird. Denn das ist die Basis f\u00fcr Unternehmensindividualit\u00e4t und Markterfolg.Auf einem [&hellip;]<\/p>\n","protected":false},"author":2,"featured_media":0,"parent":0,"menu_order":0,"comment_status":"closed","ping_status":"closed","template":"","meta":{"_et_pb_use_builder":"on","_et_pb_old_content":"","_et_gb_content_width":"","footnotes":""},"class_list":["post-28674","page","type-page","status-publish","hentry"],"_links":{"self":[{"href":"https:\/\/www.steffcon.com\/index.php\/wp-json\/wp\/v2\/pages\/28674","targetHints":{"allow":["GET"]}}],"collection":[{"href":"https:\/\/www.steffcon.com\/index.php\/wp-json\/wp\/v2\/pages"}],"about":[{"href":"https:\/\/www.steffcon.com\/index.php\/wp-json\/wp\/v2\/types\/page"}],"author":[{"embeddable":true,"href":"https:\/\/www.steffcon.com\/index.php\/wp-json\/wp\/v2\/users\/2"}],"replies":[{"embeddable":true,"href":"https:\/\/www.steffcon.com\/index.php\/wp-json\/wp\/v2\/comments?post=28674"}],"version-history":[{"count":9,"href":"https:\/\/www.steffcon.com\/index.php\/wp-json\/wp\/v2\/pages\/28674\/revisions"}],"predecessor-version":[{"id":230791,"href":"https:\/\/www.steffcon.com\/index.php\/wp-json\/wp\/v2\/pages\/28674\/revisions\/230791"}],"wp:attachment":[{"href":"https:\/\/www.steffcon.com\/index.php\/wp-json\/wp\/v2\/media?parent=28674"}],"curies":[{"name":"wp","href":"https:\/\/api.w.org\/{rel}","templated":true}]}}