{"id":28760,"date":"2025-03-14T16:53:14","date_gmt":"2025-03-14T15:53:14","guid":{"rendered":"https:\/\/www.steffcon.com\/?page_id=28760"},"modified":"2025-06-30T16:38:06","modified_gmt":"2025-06-30T14:38:06","slug":"wow","status":"publish","type":"page","link":"https:\/\/www.steffcon.com\/index.php\/wow\/","title":{"rendered":"\u201eWOW\u201c"},"content":{"rendered":"<p>[et_pb_section fb_built=&#8220;1&#8243; fullwidth=&#8220;on&#8220; admin_label=&#8220;Hero Section&#8220; _builder_version=&#8220;4.27.4&#8243; background_image=&#8220;https:\/\/www.steffcon.com\/cm\/wp-content\/uploads\/2025\/02\/sc-internet-skyline-start-top-2025-1707&#215;1490-1.jpg&#8220; parallax=&#8220;on&#8220; animation_style=&#8220;fade&#8220; animation_starting_opacity=&#8220;80%&#8220; global_colors_info=&#8220;{}&#8220;][et_pb_fullwidth_header title=&#8220;\u201eWOW\u201c&#8220; subhead=&#8220;Seien Sie beeindruckend&#8220; text_orientation=&#8220;right&#8220; header_fullscreen=&#8220;on&#8220; background_overlay_color=&#8220;rgba(49,62,71,0.89)&#8220; title_font_color=&#8220;#ffffff&#8220; subhead_font_color=&#8220;#ffffff&#8220; admin_label=&#8220;Hero Area&#8220; _builder_version=&#8220;4.27.4&#8243; title_font=&#8220;Prata||||||||&#8220; title_text_color=&#8220;#ffffff&#8220; title_font_size=&#8220;80px&#8220; title_line_height=&#8220;1.6em&#8220; subhead_font=&#8220;|700|||||||&#8220; subhead_text_color=&#8220;#ffffff&#8220; subhead_font_size=&#8220;30px&#8220; subhead_letter_spacing=&#8220;4px&#8220; subhead_line_height=&#8220;1.7em&#8220; background_color=&#8220;rgba(255, 255, 255, 0)&#8220; background_position=&#8220;top_left&#8220; background_repeat=&#8220;repeat&#8220; custom_button_one=&#8220;on&#8220; button_one_text_size=&#8220;13px&#8220; button_one_text_color=&#8220;rgba(0,0,0,0.8)&#8220; button_one_bg_color=&#8220;#ffba60&#8243; button_one_border_width=&#8220;12px&#8220; button_one_border_color=&#8220;#ffba60&#8243; button_one_border_radius=&#8220;0px&#8220; button_one_letter_spacing=&#8220;4px&#8220; button_one_font=&#8220;|700||on|||||&#8220; button_one_icon=&#8220;&#x24;||divi||400&#8243; background_layout=&#8220;light&#8220; hover_enabled=&#8220;0&#8243; title_font_size_tablet=&#8220;40px&#8220; title_font_size_phone=&#8220;&#8220; title_font_size_last_edited=&#8220;on|tablet&#8220; border_color_all=&#8220;rgba(31,40,48,0.94)&#8220; border_width_left=&#8220;10vw&#8220; button_one_border_radius_hover=&#8220;0px&#8220; button_one_letter_spacing_hover=&#8220;4px&#8220; global_colors_info=&#8220;{}&#8220; button_one_text_size__hover_enabled=&#8220;off&#8220; button_two_text_size__hover_enabled=&#8220;off&#8220; button_one_text_color__hover_enabled=&#8220;off&#8220; button_two_text_color__hover_enabled=&#8220;off&#8220; button_one_border_width__hover_enabled=&#8220;off&#8220; button_two_border_width__hover_enabled=&#8220;off&#8220; button_one_border_color__hover_enabled=&#8220;off&#8220; button_two_border_color__hover_enabled=&#8220;off&#8220; button_one_border_radius__hover_enabled=&#8220;on&#8220; button_one_border_radius__hover=&#8220;0px&#8220; button_two_border_radius__hover_enabled=&#8220;off&#8220; button_one_letter_spacing__hover_enabled=&#8220;on&#8220; button_one_letter_spacing__hover=&#8220;4px&#8220; button_two_letter_spacing__hover_enabled=&#8220;off&#8220; button_one_bg_color__hover_enabled=&#8220;off&#8220; button_two_bg_color__hover_enabled=&#8220;off&#8220; sticky_enabled=&#8220;0&#8243;][\/et_pb_fullwidth_header][\/et_pb_section][et_pb_section fb_built=&#8220;1&#8243; admin_label=&#8220;CTA Section&#8220; _builder_version=&#8220;4.27.4&#8243; use_background_color_gradient=&#8220;on&#8220; background_color_gradient_stops=&#8220;#313e47 0%|rgba(49,62,71,0.74) 100%&#8220; background_color_gradient_overlays_image=&#8220;on&#8220; background_color_gradient_start=&#8220;#313e47&#8243; background_color_gradient_end=&#8220;rgba(49,62,71,0.74)&#8220; background_image=&#8220;https:\/\/www.steffcon.com\/cm\/wp-content\/uploads\/2023\/06\/law-firm-26.jpg&#8220; custom_padding=&#8220;0px|0px|100px||false|false&#8220; border_color_all=&#8220;#26333a&#8220; border_width_left=&#8220;8vw&#8220; global_colors_info=&#8220;{}&#8220;][et_pb_row column_structure=&#8220;1_2,1_2&#8243; _builder_version=&#8220;4.27.4&#8243; _module_preset=&#8220;default&#8220; global_colors_info=&#8220;{}&#8220;][et_pb_column type=&#8220;1_2&#8243; _builder_version=&#8220;4.27.4&#8243; _module_preset=&#8220;default&#8220; global_colors_info=&#8220;{}&#8220;][et_pb_image src=&#8220;https:\/\/www.steffcon.com\/cm\/wp-content\/uploads\/panthermedia_100664_1343x900-hund-fliege_hinter-Flasche.png&#8220; alt=&#8220;Ein Hund versteckt sich vor einer Fliege, die hinter einer Flasche riesig erscheint.&#8220; title_text=&#8220;panthermedia_100664_1343x900-hund-fliege_hinter-Flasche&#8220; show_in_lightbox=&#8220;on&#8220; force_fullwidth=&#8220;on&#8220; _builder_version=&#8220;4.27.4&#8243; _module_preset=&#8220;default&#8220; global_colors_info=&#8220;{}&#8220;][\/et_pb_image][\/et_pb_column][et_pb_column type=&#8220;1_2&#8243; _builder_version=&#8220;4.27.4&#8243; _module_preset=&#8220;default&#8220; global_colors_info=&#8220;{}&#8220;][et_pb_text _builder_version=&#8220;4.27.4&#8243; _module_preset=&#8220;default&#8220; text_text_color=&#8220;#FFFFFF&#8220; text_font_size=&#8220;16px&#8220; global_colors_info=&#8220;{}&#8220;]<\/p>\n<p>Ein unverwechselbares Image erm\u00f6glicht einem Unternehmen, sich und seine Produkte positiv gegen\u00fcber Mitbewerbern abzuheben, aus der Informationsflut herauszutreten und hierdurch auf den Zielm\u00e4rkten intensiv wahrgenommen zu werden. Dieser Aufbau von Image und Renommee ist f\u00fcr die Stabilisierung des Verh\u00e4ltnisses des Unternehmens und seiner jeweiligen Zielgruppen enorm wichtig.<\/p>\n<p>Um das gew\u00fcnschte Image zu erhalten und dem Kunden und der \u00d6ffentlichkeit attraktiv zu pr\u00e4sentieren, ist auch ein gutes Verh\u00e4ltnis zu den Mitarbeitern und der Mitarbeiter untereinander sehr wichtig. Durch ein angemessenes, gutes Arbeitsklima werden diese motiviert und erzeugen so ein positives Bild bei den Kunden. Einer erfolgreichen Etablierung am Markt steht nichts mehr im Wege.<\/p>\n<p>[\/et_pb_text][\/et_pb_column][\/et_pb_row][\/et_pb_section]<\/p>\n","protected":false},"excerpt":{"rendered":"<p>Ein unverwechselbares Image erm\u00f6glicht einem Unternehmen, sich und seine Produkte positiv gegen\u00fcber Mitbewerbern abzuheben, aus der Informationsflut herauszutreten und hierdurch auf den Zielm\u00e4rkten intensiv wahrgenommen zu werden. Dieser Aufbau von Image und Renommee ist f\u00fcr die Stabilisierung des Verh\u00e4ltnisses des Unternehmens und seiner jeweiligen Zielgruppen enorm wichtig. Um das gew\u00fcnschte Image zu erhalten und dem [&hellip;]<\/p>\n","protected":false},"author":2,"featured_media":0,"parent":0,"menu_order":0,"comment_status":"closed","ping_status":"closed","template":"","meta":{"_et_pb_use_builder":"on","_et_pb_old_content":"","_et_gb_content_width":"","footnotes":""},"class_list":["post-28760","page","type-page","status-publish","hentry"],"_links":{"self":[{"href":"https:\/\/www.steffcon.com\/index.php\/wp-json\/wp\/v2\/pages\/28760","targetHints":{"allow":["GET"]}}],"collection":[{"href":"https:\/\/www.steffcon.com\/index.php\/wp-json\/wp\/v2\/pages"}],"about":[{"href":"https:\/\/www.steffcon.com\/index.php\/wp-json\/wp\/v2\/types\/page"}],"author":[{"embeddable":true,"href":"https:\/\/www.steffcon.com\/index.php\/wp-json\/wp\/v2\/users\/2"}],"replies":[{"embeddable":true,"href":"https:\/\/www.steffcon.com\/index.php\/wp-json\/wp\/v2\/comments?post=28760"}],"version-history":[{"count":9,"href":"https:\/\/www.steffcon.com\/index.php\/wp-json\/wp\/v2\/pages\/28760\/revisions"}],"predecessor-version":[{"id":230796,"href":"https:\/\/www.steffcon.com\/index.php\/wp-json\/wp\/v2\/pages\/28760\/revisions\/230796"}],"wp:attachment":[{"href":"https:\/\/www.steffcon.com\/index.php\/wp-json\/wp\/v2\/media?parent=28760"}],"curies":[{"name":"wp","href":"https:\/\/api.w.org\/{rel}","templated":true}]}}