{"id":28767,"date":"2025-03-14T16:58:43","date_gmt":"2025-03-14T15:58:43","guid":{"rendered":"https:\/\/www.steffcon.com\/?page_id=28767"},"modified":"2025-04-29T19:41:43","modified_gmt":"2025-04-29T17:41:43","slug":"advertising-promotion-controlling","status":"publish","type":"page","link":"https:\/\/www.steffcon.com\/index.php\/advertising-promotion-controlling\/","title":{"rendered":"Advertising &amp; Promotion Controlling"},"content":{"rendered":"<p>[et_pb_section fb_built=&#8220;1&#8243; fullwidth=&#8220;on&#8220; admin_label=&#8220;Hero Section&#8220; _builder_version=&#8220;4.27.4&#8243; background_image=&#8220;https:\/\/www.steffcon.com\/cm\/wp-content\/uploads\/2025\/02\/sc-internet-skyline-start-top-2025-1707&#215;1490-1.jpg&#8220; parallax=&#8220;on&#8220; animation_style=&#8220;fade&#8220; animation_starting_opacity=&#8220;80%&#8220; global_colors_info=&#8220;{}&#8220;][et_pb_fullwidth_header title=&#8220;Advertising &#038; Promotion Controlling&#8220; subhead=&#8220;Kontrolle ist besser&#8220; text_orientation=&#8220;right&#8220; header_fullscreen=&#8220;on&#8220; background_overlay_color=&#8220;rgba(49,62,71,0.89)&#8220; title_font_color=&#8220;#ffffff&#8220; subhead_font_color=&#8220;#ffffff&#8220; admin_label=&#8220;Hero Area&#8220; _builder_version=&#8220;4.27.4&#8243; title_font=&#8220;Prata||||||||&#8220; title_text_color=&#8220;#ffffff&#8220; title_font_size=&#8220;80px&#8220; title_line_height=&#8220;1.6em&#8220; subhead_font=&#8220;|700|||||||&#8220; subhead_text_color=&#8220;#ffffff&#8220; subhead_font_size=&#8220;30px&#8220; subhead_letter_spacing=&#8220;4px&#8220; subhead_line_height=&#8220;1.7em&#8220; background_color=&#8220;rgba(255, 255, 255, 0)&#8220; background_position=&#8220;top_left&#8220; background_repeat=&#8220;repeat&#8220; custom_button_one=&#8220;on&#8220; button_one_text_size=&#8220;13px&#8220; button_one_text_color=&#8220;rgba(0,0,0,0.8)&#8220; button_one_bg_color=&#8220;#ffba60&#8243; button_one_border_width=&#8220;12px&#8220; button_one_border_color=&#8220;#ffba60&#8243; button_one_border_radius=&#8220;0px&#8220; button_one_letter_spacing=&#8220;4px&#8220; button_one_font=&#8220;|700||on|||||&#8220; button_one_icon=&#8220;&#x24;||divi||400&#8243; background_layout=&#8220;light&#8220; title_font_size_tablet=&#8220;40px&#8220; title_font_size_phone=&#8220;&#8220; title_font_size_last_edited=&#8220;on|tablet&#8220; border_color_all=&#8220;rgba(31,40,48,0.94)&#8220; border_width_left=&#8220;10vw&#8220; button_one_border_radius_hover=&#8220;0px&#8220; button_one_letter_spacing_hover=&#8220;4px&#8220; global_colors_info=&#8220;{}&#8220; button_one_text_size__hover_enabled=&#8220;off&#8220; button_two_text_size__hover_enabled=&#8220;off&#8220; button_one_text_color__hover_enabled=&#8220;off&#8220; button_two_text_color__hover_enabled=&#8220;off&#8220; button_one_border_width__hover_enabled=&#8220;off&#8220; button_two_border_width__hover_enabled=&#8220;off&#8220; button_one_border_color__hover_enabled=&#8220;off&#8220; button_two_border_color__hover_enabled=&#8220;off&#8220; button_one_border_radius__hover_enabled=&#8220;on&#8220; button_one_border_radius__hover=&#8220;0px&#8220; button_two_border_radius__hover_enabled=&#8220;off&#8220; button_one_letter_spacing__hover_enabled=&#8220;on&#8220; button_one_letter_spacing__hover=&#8220;4px&#8220; button_two_letter_spacing__hover_enabled=&#8220;off&#8220; button_one_bg_color__hover_enabled=&#8220;off&#8220; button_two_bg_color__hover_enabled=&#8220;off&#8220;][\/et_pb_fullwidth_header][\/et_pb_section][et_pb_section fb_built=&#8220;1&#8243; admin_label=&#8220;CTA Section&#8220; _builder_version=&#8220;4.27.4&#8243; use_background_color_gradient=&#8220;on&#8220; background_color_gradient_stops=&#8220;#313e47 0%|rgba(49,62,71,0.74) 100%&#8220; background_color_gradient_overlays_image=&#8220;on&#8220; background_color_gradient_start=&#8220;#313e47&#8243; background_color_gradient_end=&#8220;rgba(49,62,71,0.74)&#8220; background_image=&#8220;https:\/\/www.steffcon.com\/cm\/wp-content\/uploads\/2023\/06\/law-firm-26.jpg&#8220; custom_padding=&#8220;0px|0px|100px||false|false&#8220; border_color_all=&#8220;#26333a&#8220; border_width_left=&#8220;8vw&#8220; global_colors_info=&#8220;{}&#8220;][et_pb_row column_structure=&#8220;1_2,1_2&#8243; _builder_version=&#8220;4.27.4&#8243; _module_preset=&#8220;default&#8220; global_colors_info=&#8220;{}&#8220;][et_pb_column type=&#8220;1_2&#8243; _builder_version=&#8220;4.27.4&#8243; _module_preset=&#8220;default&#8220; global_colors_info=&#8220;{}&#8220;][et_pb_image src=&#8220;https:\/\/www.steffcon.com\/cm\/wp-content\/uploads\/grafik-aus-zahnradern-process-controlling.jpg&#8220; title_text=&#8220;process controlling&#8220; show_in_lightbox=&#8220;on&#8220; force_fullwidth=&#8220;on&#8220; _builder_version=&#8220;4.27.4&#8243; _module_preset=&#8220;default&#8220; hover_enabled=&#8220;0&#8243; global_colors_info=&#8220;{}&#8220; alt=&#8220;Grafik aus Zahnr\u00e4dern process controlling&#8220; sticky_enabled=&#8220;0&#8243;][\/et_pb_image][\/et_pb_column][et_pb_column type=&#8220;1_2&#8243; _builder_version=&#8220;4.27.4&#8243; _module_preset=&#8220;default&#8220; global_colors_info=&#8220;{}&#8220;][et_pb_text _builder_version=&#8220;4.27.4&#8243; _module_preset=&#8220;default&#8220; text_text_color=&#8220;#FFFFFF&#8220; text_font_size=&#8220;16px&#8220; global_colors_info=&#8220;{}&#8220;]<\/p>\n<ul>\n<li>Wie setze ich mein begrenztes Werbebudget so optimal wie m\u00f6glich ein?<\/li>\n<li>Wie effizient sind meine bisherigen Werbe- und Promotionma\u00dfnahmen?<\/li>\n<li>Welche zuk\u00fcnftigen Werbeaktivit\u00e4ten sind sinnvoll und nachhaltig erfolgsversprechend?<\/li>\n<\/ul>\n<p>[\/et_pb_text][\/et_pb_column][\/et_pb_row][et_pb_row _builder_version=&#8220;4.27.4&#8243; _module_preset=&#8220;default&#8220; global_colors_info=&#8220;{}&#8220;][et_pb_column type=&#8220;4_4&#8243; _builder_version=&#8220;4.27.4&#8243; _module_preset=&#8220;default&#8220; global_colors_info=&#8220;{}&#8220;][et_pb_text _builder_version=&#8220;4.27.4&#8243; _module_preset=&#8220;default&#8220; text_text_color=&#8220;#FFFFFF&#8220; text_font_size=&#8220;16px&#8220; global_colors_info=&#8220;{}&#8220;]<\/p>\n<p>Wichtige Fragen, f\u00fcr die wir zusammen mit Ihnen die richtigen Antworten nachweisbar erarbeiten.<\/p>\n<blockquote>\n<p>\u201eF\u00fcnfzig Prozent bei der Werbung sind immer rausgeworfen. Man wei\u00df aber nicht, welche H\u00e4lfte das ist.\u201c (Henry Ford).<\/p>\n<\/blockquote>\n<p>Werbe- und Promotionma\u00dfnahmen verschlingen schnell viel Geld und gro\u00dfe Etats, ohne die gew\u00fcnschte Wirkung zu erzielen. Zu wenig \u2013 zu viel\u202f\u2013 zu teuer und meist falsch geworben. Oft bleiben die ersehnten Zugewinne an Image und Umsatz aus, und zur\u00fcckbleibt nicht nur ein Erfolgsdefizit, sondern auch verschwendete Finanzmittel.<\/p>\n<p>Wir \u00fcberpr\u00fcfen die Effizienz und Kosten Ihrer Werbe- und Promotionma\u00dfnahmen, zeigen Ihnen Erfolg versprechende Alternativen und \u00fcberpr\u00fcfen die Wirkung der Konzepte und Ma\u00dfnahmen, sodass Sie mit unserer Hilfe sehr schnell erkennen, was \u201eHenry Ford\u201c leider versagt blieb.<\/p>\n<p>[\/et_pb_text][\/et_pb_column][\/et_pb_row][et_pb_row _builder_version=&#8220;4.27.4&#8243; _module_preset=&#8220;default&#8220; global_colors_info=&#8220;{}&#8220;][et_pb_column type=&#8220;4_4&#8243; _builder_version=&#8220;4.27.4&#8243; _module_preset=&#8220;default&#8220; global_colors_info=&#8220;{}&#8220;][et_pb_text _builder_version=&#8220;4.27.4&#8243; _module_preset=&#8220;default&#8220; text_text_color=&#8220;#FFFFFF&#8220; text_font_size=&#8220;16px&#8220; header_4_font=&#8220;&#8211;et_global_body_font||||||||&#8220; header_4_font_size=&#8220;23px&#8220; header_4_line_height=&#8220;1.5em&#8220; global_colors_info=&#8220;{}&#8220;]<\/p>\n<h4><strong>Finden Sie mit uns gemeinsam die Antwort auf Henry Fords Frage!<\/strong><\/h4>\n<h4><strong>Sehr Gerne stehen wir Ihnen zu einem f\u00fcr Sie kostenlosen und unverbindlichen Gespr\u00e4ch zur Verf\u00fcgung.<\/strong><\/h4>\n<p>[\/et_pb_text][\/et_pb_column][\/et_pb_row][\/et_pb_section]<\/p>\n","protected":false},"excerpt":{"rendered":"<p>Wie setze ich mein begrenztes Werbebudget so optimal wie m\u00f6glich ein? Wie effizient sind meine bisherigen Werbe- und Promotionma\u00dfnahmen? Welche zuk\u00fcnftigen Werbeaktivit\u00e4ten sind sinnvoll und nachhaltig erfolgsversprechend? Wichtige Fragen, f\u00fcr die wir zusammen mit Ihnen die richtigen Antworten nachweisbar erarbeiten. \u201eF\u00fcnfzig Prozent bei der Werbung sind immer rausgeworfen. Man wei\u00df aber nicht, welche H\u00e4lfte das [&hellip;]<\/p>\n","protected":false},"author":2,"featured_media":0,"parent":0,"menu_order":0,"comment_status":"closed","ping_status":"closed","template":"","meta":{"_et_pb_use_builder":"on","_et_pb_old_content":"","_et_gb_content_width":"","footnotes":""},"class_list":["post-28767","page","type-page","status-publish","hentry"],"_links":{"self":[{"href":"https:\/\/www.steffcon.com\/index.php\/wp-json\/wp\/v2\/pages\/28767","targetHints":{"allow":["GET"]}}],"collection":[{"href":"https:\/\/www.steffcon.com\/index.php\/wp-json\/wp\/v2\/pages"}],"about":[{"href":"https:\/\/www.steffcon.com\/index.php\/wp-json\/wp\/v2\/types\/page"}],"author":[{"embeddable":true,"href":"https:\/\/www.steffcon.com\/index.php\/wp-json\/wp\/v2\/users\/2"}],"replies":[{"embeddable":true,"href":"https:\/\/www.steffcon.com\/index.php\/wp-json\/wp\/v2\/comments?post=28767"}],"version-history":[{"count":6,"href":"https:\/\/www.steffcon.com\/index.php\/wp-json\/wp\/v2\/pages\/28767\/revisions"}],"predecessor-version":[{"id":230735,"href":"https:\/\/www.steffcon.com\/index.php\/wp-json\/wp\/v2\/pages\/28767\/revisions\/230735"}],"wp:attachment":[{"href":"https:\/\/www.steffcon.com\/index.php\/wp-json\/wp\/v2\/media?parent=28767"}],"curies":[{"name":"wp","href":"https:\/\/api.w.org\/{rel}","templated":true}]}}